{"id":1073,"date":"2024-07-03T16:11:19","date_gmt":"2024-07-03T16:11:19","guid":{"rendered":"https:\/\/saviglianomotori.eu\/nuovo1\/?page_id=1073"},"modified":"2024-07-05T07:13:44","modified_gmt":"2024-07-05T07:13:44","slug":"condizioni-generali-di-fornitura","status":"publish","type":"page","link":"https:\/\/saviglianomotori.eu\/nuovo1\/condizioni-generali-di-fornitura\/","title":{"rendered":""},"content":{"rendered":"\t\t<div data-elementor-type=\"wp-page\" data-elementor-id=\"1073\" class=\"elementor elementor-1073\" data-elementor-post-type=\"page\">\n\t\t\t\t\t\t<section class=\"elementor-section elementor-top-section elementor-element elementor-element-24b4307e elementor-section-boxed elementor-section-height-default elementor-section-height-default\" data-id=\"24b4307e\" data-element_type=\"section\">\n\t\t\t\t\t\t<div class=\"elementor-container elementor-column-gap-default\">\n\t\t\t\t\t<div class=\"elementor-column elementor-col-100 elementor-top-column elementor-element elementor-element-322be86\" data-id=\"322be86\" data-element_type=\"column\">\n\t\t\t<div class=\"elementor-widget-wrap elementor-element-populated\">\n\t\t\t\t\t\t<div class=\"elementor-element elementor-element-62d4d7f elementor-widget__width-initial elementor-widget elementor-widget-heading\" data-id=\"62d4d7f\" data-element_type=\"widget\" data-widget_type=\"heading.default\">\n\t\t\t\t<div class=\"elementor-widget-container\">\n\t\t\t<style>\/*! elementor - v3.22.0 - 17-06-2024 *\/\n.elementor-heading-title{padding:0;margin:0;line-height:1}.elementor-widget-heading .elementor-heading-title[class*=elementor-size-]>a{color:inherit;font-size:inherit;line-height:inherit}.elementor-widget-heading .elementor-heading-title.elementor-size-small{font-size:15px}.elementor-widget-heading .elementor-heading-title.elementor-size-medium{font-size:19px}.elementor-widget-heading .elementor-heading-title.elementor-size-large{font-size:29px}.elementor-widget-heading .elementor-heading-title.elementor-size-xl{font-size:39px}.elementor-widget-heading .elementor-heading-title.elementor-size-xxl{font-size:59px}<\/style><h2 class=\"elementor-heading-title elementor-size-default\">Condizioni Generali di Fornitura<\/h2>\t\t<\/div>\n\t\t\t\t<\/div>\n\t\t\t\t\t<\/div>\n\t\t<\/div>\n\t\t\t\t\t<\/div>\n\t\t<\/section>\n\t\t\t\t<section class=\"elementor-section elementor-top-section elementor-element elementor-element-83160d9 elementor-section-boxed elementor-section-height-default elementor-section-height-default\" data-id=\"83160d9\" data-element_type=\"section\">\n\t\t\t\t\t\t<div class=\"elementor-container elementor-column-gap-default\">\n\t\t\t\t\t<div class=\"elementor-column elementor-col-100 elementor-top-column elementor-element elementor-element-2bfd9b5e\" data-id=\"2bfd9b5e\" data-element_type=\"column\">\n\t\t\t<div class=\"elementor-widget-wrap elementor-element-populated\">\n\t\t\t\t\t\t<div class=\"elementor-element elementor-element-221341ef elementor-widget elementor-widget-text-editor\" data-id=\"221341ef\" data-element_type=\"widget\" data-widget_type=\"text-editor.default\">\n\t\t\t\t<div class=\"elementor-widget-container\">\n\t\t\t<style>\/*! elementor - v3.22.0 - 17-06-2024 *\/\n.elementor-widget-text-editor.elementor-drop-cap-view-stacked .elementor-drop-cap{background-color:#69727d;color:#fff}.elementor-widget-text-editor.elementor-drop-cap-view-framed .elementor-drop-cap{color:#69727d;border:3px solid;background-color:transparent}.elementor-widget-text-editor:not(.elementor-drop-cap-view-default) .elementor-drop-cap{margin-top:8px}.elementor-widget-text-editor:not(.elementor-drop-cap-view-default) .elementor-drop-cap-letter{width:1em;height:1em}.elementor-widget-text-editor .elementor-drop-cap{float:left;text-align:center;line-height:1;font-size:50px}.elementor-widget-text-editor .elementor-drop-cap-letter{display:inline-block}<\/style>\t\t\t\t<!-- wp:paragraph -->\n<p>\u00a0<\/p>\n<p><span style=\"color: #000000;\"><!-- \/wp:paragraph --><!-- wp:paragraph --><\/span><span style=\"color: #000000;\"><!-- \/wp:paragraph --><!-- wp:paragraph --><\/span><\/p>\n<p>\u00a0<\/p>\n<p><span style=\"color: #000000;\"><!-- \/wp:paragraph --><!-- wp:paragraph {\"align\":\"center\"} --><\/span><\/p>\n<p class=\"has-text-align-center\"><span style=\"color: #000000;\">I beni e\/o servizi da noi forniti sono offerti esclusivamente alle seguenti condizioni generali di fornitura.<\/span><\/p>\n<p><span style=\"color: #000000;\"><!-- \/wp:paragraph --><!-- wp:paragraph {\"align\":\"center\"} --><\/span><\/p>\n<p class=\"has-text-align-center\"><span style=\"color: #000000;\"><strong>Art. 1. GARANZIA<\/strong><\/span><\/p>\n<p><span style=\"color: #000000;\"><!-- \/wp:paragraph --><!-- wp:list {\"ordered\":true,\"type\":\"lower-alpha\"} --><\/span><\/p>\n<ol style=\"list-style-type: lower-alpha;\"><!-- wp:list-item -->\n<li><span style=\"color: #000000;\">Tutti i nostri prodotti e servizi sono coperti da garanzia, senza alcuna limitazione, come previsto dalla normativa vigente in materia di garanzia dovuta per legge.<\/span><\/li>\n<!-- \/wp:list-item --><!-- wp:list-item -->\n<li><span style=\"color: #000000;\">Qualsiasi vizio o difetto che dovesse emergere nel periodo di copertura della garanzia, dovr\u00e0 essere denunciato mediante posta elettronica certificata all\u2019indirizzo \u00a0\u00a0<strong>postmaster@pec.saviglianomotori.eu<\/strong>\u00a0 . In alternativa resta comunque valida la comunicazione tramite posta raccomandata con ricevuta di ritorno, da inviarsi allo stesso nostro indirizzo di cui al suddetto preventivo. In ogni caso il vizio o difetto riscontrato dovr\u00e0 essere comunicato nei termini di legge di seguito riportati.<\/span><\/li>\n<!-- \/wp:list-item --><!-- wp:list-item -->\n<li><span style=\"color: #000000;\"><strong>Clienti Business<\/strong>: per tutti i clienti che, ai sensi di legge, sono considerati \u201cimpresa\u201d o \u201cmicroimpresa\u201d, ovvero le persone giuridiche per le quali non si applica la Garanzia Legale di Conformit\u00e0 di cui al Codice del Consumo &#8211; <em>D. Lgs. 6 settembre 2005 n. 206<\/em> &#8211; bens\u00ec l\u2019articolo 1490 del c.c. &#8211; <em>Garanzia per i vizi della cosa venduta<\/em> &#8211; vige l\u2019obbligo di comunicare l\u2019esistenza del vizio entro 8 giorni dalla scoperta del vizio stesso;<\/span><\/li>\n<!-- \/wp:list-item --><!-- wp:list-item -->\n<li><span style=\"color: #000000;\"><strong>Clienti Consumatori<\/strong>: per tutti i clienti che, ai sensi di legge, sono considerati \u201cconsumatori\u201d, per i quali si applica la Garanzia Legale di Conformit\u00e0 di cui agli art. 128 e seguenti del Codice del Consumo, vige l\u2019obbligo di comunicare l\u2019esistenza del difetto entro 2 mesi dalla data della scoperta del difetto stesso. Il consumatore pu\u00f2 non tenere conto di tale obbligo se il fornitore (c.d. venditore nel Codice del Consumo) ha riconosciuto l\u2019esistenza del difetto o lo ha occultato.<\/span><\/li>\n<!-- \/wp:list-item --><\/ol>\n<p><span style=\"color: #000000;\"><!-- \/wp:list --><!-- wp:paragraph {\"align\":\"center\"} --><\/span><\/p>\n<p class=\"has-text-align-center\"><span style=\"color: #000000;\">In ogni caso, per la validit\u00e0 della richiesta di intervento in garanzia \u00e8 obbligo della parte acquirente quello di allegare, alla richiesta di intervento in garanzia, una copia del documento fiscale comprovante l\u2019acquisto del bene per il quale si richiede l\u2019intervento stesso, nonch\u00e9 una copia della scheda di lavorazione eventualmente fornita a corredo del bene e\/o servizio fornito.<\/span><\/p>\n<p><span style=\"color: #000000;\"><!-- \/wp:paragraph --><!-- wp:list --><\/span><\/p>\n<ul><!-- wp:list-item -->\n<li><span style=\"color: #000000;\">La garanzia, in ogni caso, vale solo ed esclusivamente per le sole lavorazioni e per le sole parti di ricambio da noi fornite.<\/span><\/li>\n<!-- \/wp:list-item --><!-- wp:list-item -->\n<li><span style=\"color: #000000;\">In ogni caso non saremo obbligati ad intervenire in garanzia per i beni e\/o servizi non pagati.<\/span><\/li>\n<!-- \/wp:list-item --><\/ul>\n<p><span style=\"color: #000000;\"><!-- \/wp:list --><!-- wp:paragraph --><\/span><\/p>\n<p>\u00a0<\/p>\n<p><span style=\"color: #000000;\"><!-- \/wp:paragraph --><!-- wp:paragraph {\"align\":\"center\"} --><\/span><\/p>\n<p class=\"has-text-align-center\"><span style=\"color: #000000;\"><strong>Art. 2. &#8211; ESCLUSIONI<\/strong><\/span><\/p>\n<p><span style=\"color: #000000;\"><!-- \/wp:paragraph --><!-- wp:list {\"ordered\":true,\"type\":\"lower-alpha\"} --><\/span><\/p>\n<ol style=\"list-style-type: lower-alpha;\"><!-- wp:list-item -->\n<li><span style=\"color: #000000;\">Non sono in ogni caso coperti da garanzia i guasti derivanti dall\u2019attivit\u00e0 di rimontaggio e\/o installazione eseguiti da parte dell\u2019Acquirente o chi per esso;<\/span><\/li>\n<!-- \/wp:list-item --><!-- wp:list-item -->\n<li><span style=\"color: #000000;\">Non sono in ogni caso coperti da garanzia i guasti e\/o sintomi derivanti da uso improprio, uso sportivo (gare e prove), negligenza, imperizia ed elaborazione delle caratteristiche originali del veicolo su cui viene montato l\u2019organo meccanico o parti del veicolo oggetto della fornitura;<\/span><\/li>\n<!-- \/wp:list-item --><!-- wp:list-item -->\n<li><span style=\"color: #000000;\">Non sono in ogni caso coperti da garanzia i guasti generati o derivanti da organi e\/o componenti a noi forniti da parte del cliente\/committente o chi per esso.<\/span><\/li>\n<!-- \/wp:list-item --><!-- wp:list-item -->\n<li><span style=\"color: #000000;\">Non sono in ogni caso coperte da garanzia le riparazioni per le quali siano gi\u00e0 state eseguite attivit\u00e0 di smontaggio, anche parziale e\/o a scopo diagnostico, senza una comprovabile nostra autorizzazione scritta.<\/span><\/li>\n<!-- \/wp:list-item --><!-- wp:list-item -->\n<li><span style=\"color: #000000;\">Non sono in ogni caso coperte da garanzia le riparazioni di organi o componenti facenti parte di una fornitura non pagata.<\/span><\/li>\n<!-- \/wp:list-item --><!-- wp:list-item -->\n<li><span style=\"color: #000000;\">Non potranno essere prese in carico le richieste di intervento in garanzia prive della necessaria documentazione comprovante l\u2019acquisto del bene difettoso.<\/span><\/li>\n<!-- \/wp:list-item --><\/ol>\n<p><span style=\"color: #000000;\"><!-- \/wp:list --><!-- wp:paragraph --><\/span><\/p>\n<p>\u00a0<\/p>\n<p><span style=\"color: #000000;\"><!-- \/wp:paragraph --><!-- wp:paragraph {\"align\":\"center\"} --><\/span><\/p>\n<p class=\"has-text-align-center\"><span style=\"color: #000000;\"><strong>Art. 3. \u2013 CONDIZIONI DI PAGAMENTO <\/strong>\u2013 Le condizioni di pagamento dei beni e\/o servizi del suddetto preventivo sono quelle indicate nella testata dell\u2019offerta alla voce \u201cCONDIZIONI DI PAGAMENTO\u201d.<\/span><\/p>\n<p><span style=\"color: #000000;\"><!-- \/wp:paragraph --><!-- wp:paragraph {\"align\":\"center\"} --><\/span><\/p>\n<p class=\"has-text-align-center\"><span style=\"color: #000000;\"><strong>3.1<\/strong> &#8211; In ogni caso, il pagamento della somma stabilita non potr\u00e0 essere sospeso, ridotto o ritardato, nel caso in cui emergesse la necessit\u00e0 di un nostro intervento tecnico di assistenza o garanzia.<\/span><\/p>\n<p><span style=\"color: #000000;\"><!-- \/wp:paragraph --><!-- wp:paragraph --><\/span><\/p>\n<p>\u00a0<\/p>\n<p><span style=\"color: #000000;\"><!-- \/wp:paragraph --><!-- wp:paragraph {\"align\":\"center\"} --><\/span><\/p>\n<p class=\"has-text-align-center\"><span style=\"color: #000000;\"><strong>Art. 4. \u2013 PATTO DI RISERVATO DOMINIO<\/strong> &#8211; Tutti i beni di cui alla presente offerta\/fornitura sono venduti esclusivamente con il patto di riservato dominio, pertanto, sino a che non saranno integralmente pagati, si intendono di nostra esclusiva propriet\u00e0, ai sensi e per gli effetti dell\u2019art. 1523 del c.c. In ogni caso il committente si assume tutti i rischi, nonch\u00e9 tutte le responsabilit\u00e0 civile e penali, dirette ed indirette, derivanti dal possesso ed uso dei suddetti beni, gi\u00e0 dal momento del ritiro\/consegna dei beni stessi.<\/span><\/p>\n<p><span style=\"color: #000000;\"><!-- \/wp:paragraph --><!-- wp:paragraph --><\/span><\/p>\n<p>\u00a0<\/p>\n<p><span style=\"color: #000000;\"><!-- \/wp:paragraph --><!-- wp:paragraph {\"align\":\"center\"} --><\/span><\/p>\n<p class=\"has-text-align-center\"><span style=\"color: #000000;\"><strong>Art. 5. \u2013 TRATTAMENTO DATI PERSONALI<\/strong> \u00a0-Ai sensi e per gli effetti del Testo Unico sulla Privacy, D. Lgs. 196\/03,precisiamo che,in qualit\u00e0 di titolari del trattamento dei dati personali, sar\u00e0 nostro preciso impegno quello di tutelare, con tutti i mezzi possibili, la Sua\/Vostra privacy; in particolar modo nel rispetto della normativa vigente in materia di privacy e relativamente alla tutela delle Persone ed al trattamento dei dati personali. Tale trattamento sar\u00e0 improntato ai principi di correttezza, lealt\u00e0, trasparenza e di tutela della riservatezza e dei diritti tutti. Inoltre, i dati personali verranno da noi trattati con l&#8217;ausilio di mezzi cartacei ed informatici, per le sole finalit\u00e0 riguardanti la gestione delle forniture, per fini contabili e fiscali, analisi di mercato e adempimento della legge.<\/span><\/p>\n<p><span style=\"color: #000000;\"><!-- \/wp:paragraph --><!-- wp:paragraph --><\/span><\/p>\n<p>\u00a0<\/p>\n<p><span style=\"color: #000000;\"><!-- \/wp:paragraph --><!-- wp:paragraph {\"align\":\"center\"} --><\/span><\/p>\n<p class=\"has-text-align-center\"><span style=\"color: #000000;\"><strong>Art. 6. &#8211; FORO COMPETENTE \u2013 \u00a0<\/strong>Il Foro competente per ogni e qualsiasi controversia che dovesse sorgere in ordine alla interpretazione, applicazione ed esecuzione delle presenti condizioni generali di fornitura, \u00e8 quello di CUNEO, fatte salve le azioni promosse dagli Acquirenti che ai sensi di legge sono considerati Consumatori, per i quali il Foro competente \u00e8 e resta quello di residenza\/domicilio.<\/span><\/p>\n<p><span style=\"color: #000000;\"><!-- \/wp:paragraph --><!-- wp:paragraph {\"align\":\"center\"} --><\/span><\/p>\n<p class=\"has-text-align-center\"><span style=\"color: #000000;\">Ai sensi e per gli effetti degli artt. 1341 e 1342 del c.c., l\u2019Acquirente dichiara di approvare le disposizioni di cui sopra ed espressamente quelle relative agli artt. <strong>2.<\/strong> (Esclusioni), <strong>3. e 3.1 <\/strong>(Condizioni di pagamento), <strong>4.<\/strong> (Patto di riservato dominio) e <strong>6.<\/strong> (Foro competente).<\/span><\/p>\n<p><span style=\"color: #000000;\"><!-- \/wp:paragraph --><!-- wp:paragraph --><\/span><\/p>\n<p>\u00a0<\/p>\n<p><span style=\"color: #000000;\"><!-- \/wp:paragraph --><!-- wp:paragraph --><\/span><\/p>\n<p>\u00a0<\/p>\n<p><span style=\"color: #000000;\"><!-- \/wp:paragraph --><!-- wp:paragraph --><\/span><\/p>\n<p>\u00a0<\/p>\n<p><span style=\"color: #000000;\"><!-- \/wp:paragraph --><!-- wp:paragraph {\"align\":\"center\"} --><\/span><\/p>\n<p class=\"has-text-align-center\"><span style=\"color: #000000;\">&#8230;<\/span><\/p>\n<!-- \/wp:paragraph -->\t\t\t\t\t\t<\/div>\n\t\t\t\t<\/div>\n\t\t\t\t\t<\/div>\n\t\t<\/div>\n\t\t\t\t\t<\/div>\n\t\t<\/section>\n\t\t\t\t<\/div>\n\t\t","protected":false},"excerpt":{"rendered":"<p>Condizioni Generali di Fornitura \u00a0 \u00a0 I beni e\/o servizi da noi forniti sono offerti esclusivamente alle seguenti condizioni generali di fornitura. Art. 1. GARANZIA In ogni caso, per la validit\u00e0 della richiesta di intervento in garanzia \u00e8 obbligo della parte acquirente quello di allegare, alla richiesta di intervento in garanzia, una copia del documento &#8230; <a title=\"\" class=\"read-more\" href=\"https:\/\/saviglianomotori.eu\/nuovo1\/condizioni-generali-di-fornitura\/\" aria-label=\"More on \">Leggi tutto<\/a><\/p>\n","protected":false},"author":1,"featured_media":0,"parent":0,"menu_order":0,"comment_status":"closed","ping_status":"closed","template":"","meta":{"footnotes":""},"class_list":["post-1073","page","type-page","status-publish"],"yoast_head":"<!-- This site is optimized with the Yoast SEO plugin v22.8 - https:\/\/yoast.com\/wordpress\/plugins\/seo\/ -->\n<title>- Savigliano Motori Srl<\/title>\n<meta name=\"robots\" content=\"index, follow, max-snippet:-1, max-image-preview:large, max-video-preview:-1\" \/>\n<link rel=\"canonical\" href=\"https:\/\/saviglianomotori.eu\/nuovo1\/condizioni-generali-di-fornitura\/\" \/>\n<meta property=\"og:locale\" content=\"it_IT\" \/>\n<meta property=\"og:type\" content=\"article\" \/>\n<meta property=\"og:title\" content=\"- Savigliano Motori Srl\" \/>\n<meta property=\"og:description\" content=\"Condizioni Generali di Fornitura \u00a0 \u00a0 I beni e\/o servizi da noi forniti sono offerti esclusivamente alle seguenti condizioni generali di fornitura. Art. 1. GARANZIA In ogni caso, per la validit\u00e0 della richiesta di intervento in garanzia \u00e8 obbligo della parte acquirente quello di allegare, alla richiesta di intervento in garanzia, una copia del documento ... Leggi tutto\" \/>\n<meta property=\"og:url\" content=\"https:\/\/saviglianomotori.eu\/nuovo1\/condizioni-generali-di-fornitura\/\" \/>\n<meta property=\"og:site_name\" content=\"Savigliano Motori Srl\" \/>\n<meta property=\"article:publisher\" content=\"https:\/\/www.facebook.com\/saviglianomotori\" \/>\n<meta property=\"article:modified_time\" content=\"2024-07-05T07:13:44+00:00\" \/>\n<meta name=\"twitter:card\" content=\"summary_large_image\" \/>\n<meta name=\"twitter:label1\" content=\"Tempo di lettura stimato\" \/>\n\t<meta name=\"twitter:data1\" content=\"5 minuti\" \/>\n<script type=\"application\/ld+json\" class=\"yoast-schema-graph\">{\"@context\":\"https:\/\/schema.org\",\"@graph\":[{\"@type\":\"WebPage\",\"@id\":\"https:\/\/saviglianomotori.eu\/nuovo1\/condizioni-generali-di-fornitura\/\",\"url\":\"https:\/\/saviglianomotori.eu\/nuovo1\/condizioni-generali-di-fornitura\/\",\"name\":\"- Savigliano Motori Srl\",\"isPartOf\":{\"@id\":\"https:\/\/saviglianomotori.eu\/nuovo1\/#website\"},\"datePublished\":\"2024-07-03T16:11:19+00:00\",\"dateModified\":\"2024-07-05T07:13:44+00:00\",\"inLanguage\":\"it-IT\",\"potentialAction\":[{\"@type\":\"ReadAction\",\"target\":[\"https:\/\/saviglianomotori.eu\/nuovo1\/condizioni-generali-di-fornitura\/\"]}]},{\"@type\":\"WebSite\",\"@id\":\"https:\/\/saviglianomotori.eu\/nuovo1\/#website\",\"url\":\"https:\/\/saviglianomotori.eu\/nuovo1\/\",\"name\":\"Savigliano Motori Srl\",\"description\":\"Revisione e Ricostruzione di Motori Diesel e Benzina\",\"publisher\":{\"@id\":\"https:\/\/saviglianomotori.eu\/nuovo1\/#organization\"},\"potentialAction\":[{\"@type\":\"SearchAction\",\"target\":{\"@type\":\"EntryPoint\",\"urlTemplate\":\"https:\/\/saviglianomotori.eu\/nuovo1\/?s={search_term_string}\"},\"query-input\":\"required name=search_term_string\"}],\"inLanguage\":\"it-IT\"},{\"@type\":\"Organization\",\"@id\":\"https:\/\/saviglianomotori.eu\/nuovo1\/#organization\",\"name\":\"Savigliano Motori Srl\",\"url\":\"https:\/\/saviglianomotori.eu\/nuovo1\/\",\"logo\":{\"@type\":\"ImageObject\",\"inLanguage\":\"it-IT\",\"@id\":\"https:\/\/saviglianomotori.eu\/nuovo1\/#\/schema\/logo\/image\/\",\"url\":\"https:\/\/saviglianomotori.eu\/nuovo1\/wp-content\/uploads\/2021\/10\/cropped-cropped-logo-savigliano-motori.png\",\"contentUrl\":\"https:\/\/saviglianomotori.eu\/nuovo1\/wp-content\/uploads\/2021\/10\/cropped-cropped-logo-savigliano-motori.png\",\"width\":1200,\"height\":240,\"caption\":\"Savigliano Motori Srl\"},\"image\":{\"@id\":\"https:\/\/saviglianomotori.eu\/nuovo1\/#\/schema\/logo\/image\/\"},\"sameAs\":[\"https:\/\/www.facebook.com\/saviglianomotori\"]}]}<\/script>\n<!-- \/ Yoast SEO plugin. -->","yoast_head_json":{"title":"- Savigliano Motori Srl","robots":{"index":"index","follow":"follow","max-snippet":"max-snippet:-1","max-image-preview":"max-image-preview:large","max-video-preview":"max-video-preview:-1"},"canonical":"https:\/\/saviglianomotori.eu\/nuovo1\/condizioni-generali-di-fornitura\/","og_locale":"it_IT","og_type":"article","og_title":"- Savigliano Motori Srl","og_description":"Condizioni Generali di Fornitura \u00a0 \u00a0 I beni e\/o servizi da noi forniti sono offerti esclusivamente alle seguenti condizioni generali di fornitura. Art. 1. GARANZIA In ogni caso, per la validit\u00e0 della richiesta di intervento in garanzia \u00e8 obbligo della parte acquirente quello di allegare, alla richiesta di intervento in garanzia, una copia del documento ... Leggi tutto","og_url":"https:\/\/saviglianomotori.eu\/nuovo1\/condizioni-generali-di-fornitura\/","og_site_name":"Savigliano Motori Srl","article_publisher":"https:\/\/www.facebook.com\/saviglianomotori","article_modified_time":"2024-07-05T07:13:44+00:00","twitter_card":"summary_large_image","twitter_misc":{"Tempo di lettura stimato":"5 minuti"},"schema":{"@context":"https:\/\/schema.org","@graph":[{"@type":"WebPage","@id":"https:\/\/saviglianomotori.eu\/nuovo1\/condizioni-generali-di-fornitura\/","url":"https:\/\/saviglianomotori.eu\/nuovo1\/condizioni-generali-di-fornitura\/","name":"- Savigliano Motori Srl","isPartOf":{"@id":"https:\/\/saviglianomotori.eu\/nuovo1\/#website"},"datePublished":"2024-07-03T16:11:19+00:00","dateModified":"2024-07-05T07:13:44+00:00","inLanguage":"it-IT","potentialAction":[{"@type":"ReadAction","target":["https:\/\/saviglianomotori.eu\/nuovo1\/condizioni-generali-di-fornitura\/"]}]},{"@type":"WebSite","@id":"https:\/\/saviglianomotori.eu\/nuovo1\/#website","url":"https:\/\/saviglianomotori.eu\/nuovo1\/","name":"Savigliano Motori Srl","description":"Revisione e Ricostruzione di Motori Diesel e Benzina","publisher":{"@id":"https:\/\/saviglianomotori.eu\/nuovo1\/#organization"},"potentialAction":[{"@type":"SearchAction","target":{"@type":"EntryPoint","urlTemplate":"https:\/\/saviglianomotori.eu\/nuovo1\/?s={search_term_string}"},"query-input":"required name=search_term_string"}],"inLanguage":"it-IT"},{"@type":"Organization","@id":"https:\/\/saviglianomotori.eu\/nuovo1\/#organization","name":"Savigliano Motori Srl","url":"https:\/\/saviglianomotori.eu\/nuovo1\/","logo":{"@type":"ImageObject","inLanguage":"it-IT","@id":"https:\/\/saviglianomotori.eu\/nuovo1\/#\/schema\/logo\/image\/","url":"https:\/\/saviglianomotori.eu\/nuovo1\/wp-content\/uploads\/2021\/10\/cropped-cropped-logo-savigliano-motori.png","contentUrl":"https:\/\/saviglianomotori.eu\/nuovo1\/wp-content\/uploads\/2021\/10\/cropped-cropped-logo-savigliano-motori.png","width":1200,"height":240,"caption":"Savigliano Motori Srl"},"image":{"@id":"https:\/\/saviglianomotori.eu\/nuovo1\/#\/schema\/logo\/image\/"},"sameAs":["https:\/\/www.facebook.com\/saviglianomotori"]}]}},"_links":{"self":[{"href":"https:\/\/saviglianomotori.eu\/nuovo1\/wp-json\/wp\/v2\/pages\/1073","targetHints":{"allow":["GET"]}}],"collection":[{"href":"https:\/\/saviglianomotori.eu\/nuovo1\/wp-json\/wp\/v2\/pages"}],"about":[{"href":"https:\/\/saviglianomotori.eu\/nuovo1\/wp-json\/wp\/v2\/types\/page"}],"author":[{"embeddable":true,"href":"https:\/\/saviglianomotori.eu\/nuovo1\/wp-json\/wp\/v2\/users\/1"}],"replies":[{"embeddable":true,"href":"https:\/\/saviglianomotori.eu\/nuovo1\/wp-json\/wp\/v2\/comments?post=1073"}],"version-history":[{"count":13,"href":"https:\/\/saviglianomotori.eu\/nuovo1\/wp-json\/wp\/v2\/pages\/1073\/revisions"}],"predecessor-version":[{"id":1091,"href":"https:\/\/saviglianomotori.eu\/nuovo1\/wp-json\/wp\/v2\/pages\/1073\/revisions\/1091"}],"wp:attachment":[{"href":"https:\/\/saviglianomotori.eu\/nuovo1\/wp-json\/wp\/v2\/media?parent=1073"}],"curies":[{"name":"wp","href":"https:\/\/api.w.org\/{rel}","templated":true}]}}